{"id":12603,"date":"2026-02-03T10:51:47","date_gmt":"2026-02-03T10:51:47","guid":{"rendered":"https:\/\/hrindiaeurope.de\/?page_id=12603"},"modified":"2026-02-04T08:03:10","modified_gmt":"2026-02-04T08:03:10","slug":"privacy-policy","status":"publish","type":"page","link":"https:\/\/hrindiaeurope.de\/en\/privacy-policy\/","title":{"rendered":"Privacy Policy"},"content":{"rendered":"<div data-elementor-type=\"wp-page\" data-elementor-id=\"12603\" class=\"elementor elementor-12603\">\n\t\t\t\t<div class=\"elementor-element elementor-element-3740103 e-flex e-con-boxed e-con e-parent\" data-id=\"3740103\" data-element_type=\"container\">\n\t\t\t\t\t<div class=\"e-con-inner\">\n\t\t<div class=\"elementor-element elementor-element-2b715b3 e-con-full e-flex e-con e-child\" data-id=\"2b715b3\" data-element_type=\"container\">\n\t\t\t\t<div class=\"elementor-element elementor-element-624fbeb elementor-widget elementor-widget-tp-heading\" data-id=\"624fbeb\" data-element_type=\"widget\" data-settings=\"{&quot;tp_anima_type&quot;:&quot;fadeInUp&quot;}\" data-widget_type=\"tp-heading.default\">\n\t\t\t\t<div class=\"elementor-widget-container\">\n\t\t\t\t\t\r\n\t\t\r\n\t\t\t<div class=\"tp-section tp-el-section align-box mb-40 wow fadeInUp\" data-wow-duration=\"1.5s\" data-wow-delay=\"0.3s\">\r\n\r\n\t\t\t\t\r\n\t\t\t\t<h2 class=\"tp-section-3-title tp-el-acadia-title tp-hero-2-title tp-el-title\">Privacy policy<\/h2>\r\n\t\t\t\t\t\t\t<\/div>\r\n\r\n\t\t\t\t\t\t<\/div>\n\t\t\t\t<\/div>\n\t\t<div class=\"elementor-element elementor-element-0e6db77 e-con-full e-flex e-con e-child\" data-id=\"0e6db77\" data-element_type=\"container\" data-settings=\"{&quot;background_background&quot;:&quot;classic&quot;}\">\n\t\t\t\t<div class=\"elementor-element elementor-element-0c46ff6 elementor-widget elementor-widget-tp-heading\" data-id=\"0c46ff6\" data-element_type=\"widget\" data-settings=\"{&quot;tp_anima_type&quot;:&quot;fadeInUp&quot;}\" data-widget_type=\"tp-heading.default\">\n\t\t\t\t<div class=\"elementor-widget-container\">\n\t\t\t\t\t\r\n\t\t\r\n\t\t\t<div class=\"tp-section tp-el-section align-box mb-40 wow fadeInUp\" data-wow-duration=\"1.5s\" data-wow-delay=\"0.3s\">\r\n\r\n\t\t\t\t\r\n\t\t\t\t<h3 class=\"tp-section-3-title tp-el-acadia-title tp-hero-2-title tp-el-title\">Stand: 01.10.2024\n<\/h3>\r\n\t\t\t\t\t\t\t<\/div>\r\n\r\n\t\t\t\t\t\t<\/div>\n\t\t\t\t<\/div>\n\t\t\t\t<div class=\"elementor-element elementor-element-719f2f4 elementor-widget elementor-widget-text-editor\" data-id=\"719f2f4\" data-element_type=\"widget\" data-widget_type=\"text-editor.default\">\n\t\t\t\t<div class=\"elementor-widget-container\">\n\t\t\t\t\t\t\t\t\t<p>Angaben gem\u00e4\u00df \u00a7 5 TMG <br \/>HR India Europe GbR<br \/>Rautbr\u00fchl 688214 Ravensburg Deutschland<br \/>Vertreten durch: Gesch\u00e4ftsf\u00fchrer: Akeelan Gunasiri<br \/>Kontakt: Telefon: +49 152 24277600<br \/>E-Mail: info@hrindiaeurope.com<br \/>Umsatzsteuer-ID:<br \/>Umsatzsteuer-Identifikationsnummer gem\u00e4\u00df \u00a727a Umsatzsteuergesetz: (falls vorhanden eintragen)<\/p>\t\t\t\t\t\t\t\t<\/div>\n\t\t\t\t<\/div>\n\t\t\t\t<div class=\"elementor-element elementor-element-682bb96 elementor-widget elementor-widget-tp-heading\" data-id=\"682bb96\" data-element_type=\"widget\" data-settings=\"{&quot;tp_anima_type&quot;:&quot;fadeInUp&quot;}\" data-widget_type=\"tp-heading.default\">\n\t\t\t\t<div class=\"elementor-widget-container\">\n\t\t\t\t\t\r\n\t\t\r\n\t\t\t<div class=\"tp-section tp-el-section align-box mb-40 wow fadeInUp\" data-wow-duration=\"1.5s\" data-wow-delay=\"0.3s\">\r\n\r\n\t\t\t\t\t\t\t\t\t<h5 class=\"tp-section-3-subtitle tp-el-subtitle\">\r\n\t\t\t\t\t\tHaftungsausschluss\t\t\t\t\t<\/h5>\r\n\t\t\t\t\r\n\t\t\t\t<h3 class=\"tp-section-3-title tp-el-acadia-title tp-hero-2-title tp-el-title\">Haftung f\u00fcr Inhalte<\/h3>\r\n\t\t\t\t\t\t\t\t\t<p class=\"tp-el-content\">\r\n\t\t\t\t\t\t\n\t\t\t\t\t<\/p>\r\n\t\t\t\t\t\t\t<\/div>\r\n\r\n\t\t\t\t\t\t<\/div>\n\t\t\t\t<\/div>\n\t\t\t\t<div class=\"elementor-element elementor-element-57424fb elementor-widget elementor-widget-text-editor\" data-id=\"57424fb\" data-element_type=\"widget\" data-widget_type=\"text-editor.default\">\n\t\t\t\t<div class=\"elementor-widget-container\">\n\t\t\t\t\t\t\t\t\t<p>Die Inhalte unserer Seiten wurden mit gr\u00f6\u00dfter Sorgfalt erstellt. F\u00fcr die Richtigkeit, Vollst\u00e4ndigkeit und Aktualit\u00e4t der Inhalte k\u00f6nnen wir jedoch keine Gew\u00e4hr \u00fcbernehmen. Als Diensteanbieter sind wir gem\u00e4\u00df \u00a7 7 Abs. 1 TMG f\u00fcr eigene Inhalte auf diesen Seiten nach den allgemeinen Gesetzen verantwortlich. Nach \u00a7\u00a7 8 bis 10 TMG sind wir als Diensteanbieter jedoch nicht verpflichtet, \u00fcbermittelte oder gespeicherte fremde Informationen zu \u00fcberwachen oder nach Umst\u00e4nden zu forschen, die auf eine rechtswidrige T\u00e4tigkeit hinweisen.<\/p><p><br \/>Verpflichtungen zur Entfernung oder Sperrung der Nutzung von Informationen nach den allgemeinen Gesetzen bleiben hiervon unber\u00fchrt. Eine entsprechende Haftung ist jedoch erst ab dem Zeitpunkt der Kenntnis einer konkreten Rechtsverletzung m\u00f6glich. Bei Bekanntwerden von entsprechenden Rechtsverletzungen werden wir diese Inhalte umgehend entfernen.<br \/>Haftung f\u00fcr Links<\/p><p><br \/>Unser Angebot enth\u00e4lt Links zu externen Webseiten Dritter, auf deren Inhalte wir keinen Einfluss haben. Deshalb k\u00f6nnen wir f\u00fcr diese fremden Inhalte auch keine Gew\u00e4hr \u00fcbernehmen. F\u00fcr die Inhalte der verlinkten Seiten ist stets der jeweilige Anbieter oder Betreiber der Seiten verantwortlich.<\/p><p><br \/>Die verlinkten Seiten wurden zum Zeitpunkt der Verlinkung auf m\u00f6gliche Rechtsverst\u00f6\u00dfe \u00fcberpr\u00fcft. Rechtswidrige Inhalte waren zum Zeitpunkt der Verlinkung nicht erkennbar. Eine permanente inhaltliche Kontrolle der verlinkten Seiten ist jedoch ohne konkrete Anhaltspunkte einer Rechtsverletzung nicht zumutbar. Bei Bekanntwerden von Rechtsverletzungen werden wir derartige Links umgehend entfernen.<\/p>\t\t\t\t\t\t\t\t<\/div>\n\t\t\t\t<\/div>\n\t\t\t\t<\/div>\n\t\t\t\t<\/div>\n\t\t\t\t\t<\/div>\n\t\t\t\t<\/div>\n\t\t\t\t<\/div>","protected":false},"excerpt":{"rendered":"<p>Datenschutz und Impressum Stand: 01.10.2024 Angaben gem\u00e4\u00df \u00a7 5 TMG HR India Europe GbRRautbr\u00fchl 688214 Ravensburg DeutschlandVertreten durch: Gesch\u00e4ftsf\u00fchrer: Akeelan GunasiriKontakt: Telefon: +49 152 24277600E-Mail: info@hrindiaeurope.comUmsatzsteuer-ID:Umsatzsteuer-Identifikationsnummer gem\u00e4\u00df \u00a727a Umsatzsteuergesetz: (falls vorhanden eintragen) Haftungsausschluss Haftung f\u00fcr Inhalte Die Inhalte unserer Seiten wurden mit gr\u00f6\u00dfter Sorgfalt erstellt. F\u00fcr die Richtigkeit, Vollst\u00e4ndigkeit und Aktualit\u00e4t der Inhalte k\u00f6nnen wir [&hellip;]<\/p>","protected":false},"author":2,"featured_media":0,"parent":0,"menu_order":0,"comment_status":"closed","ping_status":"closed","template":"elementor_header_footer","meta":{"content-type":"","footnotes":""},"class_list":["post-12603","page","type-page","status-publish","hentry"],"aioseo_notices":[],"yoast_head":"<!-- This site is optimized with the Yoast SEO plugin v25.9 - https:\/\/yoast.com\/wordpress\/plugins\/seo\/ -->\n<title>Privacy Policy - hrindiaeurope.de<\/title>\n<meta name=\"robots\" content=\"index, follow, max-snippet:-1, max-image-preview:large, max-video-preview:-1\" \/>\n<link rel=\"canonical\" href=\"https:\/\/hrindiaeurope.de\/en\/privacy-policy\/\" \/>\n<meta property=\"og:locale\" content=\"en_US\" \/>\n<meta property=\"og:type\" content=\"article\" \/>\n<meta property=\"og:title\" content=\"Privacy Policy - hrindiaeurope.de\" \/>\n<meta property=\"og:description\" content=\"Datenschutz und Impressum Stand: 01.10.2024 Angaben gem\u00e4\u00df \u00a7 5 TMG HR India Europe GbRRautbr\u00fchl 688214 Ravensburg DeutschlandVertreten durch: Gesch\u00e4ftsf\u00fchrer: Akeelan GunasiriKontakt: Telefon: +49 152 24277600E-Mail: info@hrindiaeurope.comUmsatzsteuer-ID:Umsatzsteuer-Identifikationsnummer gem\u00e4\u00df \u00a727a Umsatzsteuergesetz: (falls vorhanden eintragen) Haftungsausschluss Haftung f\u00fcr Inhalte Die Inhalte unserer Seiten wurden mit gr\u00f6\u00dfter Sorgfalt erstellt. F\u00fcr die Richtigkeit, Vollst\u00e4ndigkeit und Aktualit\u00e4t der Inhalte k\u00f6nnen wir [&hellip;]\" \/>\n<meta property=\"og:url\" content=\"https:\/\/hrindiaeurope.de\/en\/privacy-policy\/\" \/>\n<meta property=\"og:site_name\" content=\"hrindiaeurope.de\" \/>\n<meta property=\"article:modified_time\" content=\"2026-02-04T08:03:10+00:00\" \/>\n<meta name=\"twitter:card\" content=\"summary_large_image\" \/>\n<meta name=\"twitter:label1\" content=\"Est. reading time\" \/>\n\t<meta name=\"twitter:data1\" content=\"3 minutes\" \/>\n<script type=\"application\/ld+json\" class=\"yoast-schema-graph\">{\"@context\":\"https:\/\/schema.org\",\"@graph\":[{\"@type\":\"WebPage\",\"@id\":\"https:\/\/hrindiaeurope.de\/privacy-policy\/\",\"url\":\"https:\/\/hrindiaeurope.de\/privacy-policy\/\",\"name\":\"Privacy Policy - hrindiaeurope.de\",\"isPartOf\":{\"@id\":\"https:\/\/hrindiaeurope.de\/#website\"},\"datePublished\":\"2026-02-03T10:51:47+00:00\",\"dateModified\":\"2026-02-04T08:03:10+00:00\",\"breadcrumb\":{\"@id\":\"https:\/\/hrindiaeurope.de\/privacy-policy\/#breadcrumb\"},\"inLanguage\":\"en-US\",\"potentialAction\":[{\"@type\":\"ReadAction\",\"target\":[\"https:\/\/hrindiaeurope.de\/privacy-policy\/\"]}]},{\"@type\":\"BreadcrumbList\",\"@id\":\"https:\/\/hrindiaeurope.de\/privacy-policy\/#breadcrumb\",\"itemListElement\":[{\"@type\":\"ListItem\",\"position\":1,\"name\":\"Home\",\"item\":\"https:\/\/hrindiaeurope.de\/\"},{\"@type\":\"ListItem\",\"position\":2,\"name\":\"Privacy Policy\"}]},{\"@type\":\"WebSite\",\"@id\":\"https:\/\/hrindiaeurope.de\/#website\",\"url\":\"https:\/\/hrindiaeurope.de\/\",\"name\":\"hrindiaeurope.de\",\"description\":\"\",\"publisher\":{\"@id\":\"https:\/\/hrindiaeurope.de\/#organization\"},\"potentialAction\":[{\"@type\":\"SearchAction\",\"target\":{\"@type\":\"EntryPoint\",\"urlTemplate\":\"https:\/\/hrindiaeurope.de\/?s={search_term_string}\"},\"query-input\":{\"@type\":\"PropertyValueSpecification\",\"valueRequired\":true,\"valueName\":\"search_term_string\"}}],\"inLanguage\":\"en-US\"},{\"@type\":\"Organization\",\"@id\":\"https:\/\/hrindiaeurope.de\/#organization\",\"name\":\"hrindiaeurope.de\",\"url\":\"https:\/\/hrindiaeurope.de\/\",\"logo\":{\"@type\":\"ImageObject\",\"inLanguage\":\"en-US\",\"@id\":\"https:\/\/hrindiaeurope.de\/#\/schema\/logo\/image\/\",\"url\":\"https:\/\/hrindiaeurope.de\/wp-content\/uploads\/2025\/09\/cropped-Clarendon.png\",\"contentUrl\":\"https:\/\/hrindiaeurope.de\/wp-content\/uploads\/2025\/09\/cropped-Clarendon.png\",\"width\":497,\"height\":497,\"caption\":\"hrindiaeurope.de\"},\"image\":{\"@id\":\"https:\/\/hrindiaeurope.de\/#\/schema\/logo\/image\/\"}}]}<\/script>\n<!-- \/ Yoast SEO plugin. -->","yoast_head_json":{"title":"Privacy Policy - hrindiaeurope.de","robots":{"index":"index","follow":"follow","max-snippet":"max-snippet:-1","max-image-preview":"max-image-preview:large","max-video-preview":"max-video-preview:-1"},"canonical":"https:\/\/hrindiaeurope.de\/en\/privacy-policy\/","og_locale":"en_US","og_type":"article","og_title":"Privacy Policy - hrindiaeurope.de","og_description":"Datenschutz und Impressum Stand: 01.10.2024 Angaben gem\u00e4\u00df \u00a7 5 TMG HR India Europe GbRRautbr\u00fchl 688214 Ravensburg DeutschlandVertreten durch: Gesch\u00e4ftsf\u00fchrer: Akeelan GunasiriKontakt: Telefon: +49 152 24277600E-Mail: info@hrindiaeurope.comUmsatzsteuer-ID:Umsatzsteuer-Identifikationsnummer gem\u00e4\u00df \u00a727a Umsatzsteuergesetz: (falls vorhanden eintragen) Haftungsausschluss Haftung f\u00fcr Inhalte Die Inhalte unserer Seiten wurden mit gr\u00f6\u00dfter Sorgfalt erstellt. F\u00fcr die Richtigkeit, Vollst\u00e4ndigkeit und Aktualit\u00e4t der Inhalte k\u00f6nnen wir [&hellip;]","og_url":"https:\/\/hrindiaeurope.de\/en\/privacy-policy\/","og_site_name":"hrindiaeurope.de","article_modified_time":"2026-02-04T08:03:10+00:00","twitter_card":"summary_large_image","twitter_misc":{"Est. reading time":"3 minutes"},"schema":{"@context":"https:\/\/schema.org","@graph":[{"@type":"WebPage","@id":"https:\/\/hrindiaeurope.de\/privacy-policy\/","url":"https:\/\/hrindiaeurope.de\/privacy-policy\/","name":"Privacy Policy - hrindiaeurope.de","isPartOf":{"@id":"https:\/\/hrindiaeurope.de\/#website"},"datePublished":"2026-02-03T10:51:47+00:00","dateModified":"2026-02-04T08:03:10+00:00","breadcrumb":{"@id":"https:\/\/hrindiaeurope.de\/privacy-policy\/#breadcrumb"},"inLanguage":"en-US","potentialAction":[{"@type":"ReadAction","target":["https:\/\/hrindiaeurope.de\/privacy-policy\/"]}]},{"@type":"BreadcrumbList","@id":"https:\/\/hrindiaeurope.de\/privacy-policy\/#breadcrumb","itemListElement":[{"@type":"ListItem","position":1,"name":"Home","item":"https:\/\/hrindiaeurope.de\/"},{"@type":"ListItem","position":2,"name":"Privacy Policy"}]},{"@type":"WebSite","@id":"https:\/\/hrindiaeurope.de\/#website","url":"https:\/\/hrindiaeurope.de\/","name":"hrindiaeurope.de","description":"","publisher":{"@id":"https:\/\/hrindiaeurope.de\/#organization"},"potentialAction":[{"@type":"SearchAction","target":{"@type":"EntryPoint","urlTemplate":"https:\/\/hrindiaeurope.de\/?s={search_term_string}"},"query-input":{"@type":"PropertyValueSpecification","valueRequired":true,"valueName":"search_term_string"}}],"inLanguage":"en-US"},{"@type":"Organization","@id":"https:\/\/hrindiaeurope.de\/#organization","name":"hrindiaeurope.de","url":"https:\/\/hrindiaeurope.de\/","logo":{"@type":"ImageObject","inLanguage":"en-US","@id":"https:\/\/hrindiaeurope.de\/#\/schema\/logo\/image\/","url":"https:\/\/hrindiaeurope.de\/wp-content\/uploads\/2025\/09\/cropped-Clarendon.png","contentUrl":"https:\/\/hrindiaeurope.de\/wp-content\/uploads\/2025\/09\/cropped-Clarendon.png","width":497,"height":497,"caption":"hrindiaeurope.de"},"image":{"@id":"https:\/\/hrindiaeurope.de\/#\/schema\/logo\/image\/"}}]}},"_links":{"self":[{"href":"https:\/\/hrindiaeurope.de\/en\/wp-json\/wp\/v2\/pages\/12603","targetHints":{"allow":["GET"]}}],"collection":[{"href":"https:\/\/hrindiaeurope.de\/en\/wp-json\/wp\/v2\/pages"}],"about":[{"href":"https:\/\/hrindiaeurope.de\/en\/wp-json\/wp\/v2\/types\/page"}],"author":[{"embeddable":true,"href":"https:\/\/hrindiaeurope.de\/en\/wp-json\/wp\/v2\/users\/2"}],"replies":[{"embeddable":true,"href":"https:\/\/hrindiaeurope.de\/en\/wp-json\/wp\/v2\/comments?post=12603"}],"version-history":[{"count":4,"href":"https:\/\/hrindiaeurope.de\/en\/wp-json\/wp\/v2\/pages\/12603\/revisions"}],"predecessor-version":[{"id":12716,"href":"https:\/\/hrindiaeurope.de\/en\/wp-json\/wp\/v2\/pages\/12603\/revisions\/12716"}],"wp:attachment":[{"href":"https:\/\/hrindiaeurope.de\/en\/wp-json\/wp\/v2\/media?parent=12603"}],"curies":[{"name":"wp","href":"https:\/\/api.w.org\/{rel}","templated":true}]}}