{"id":5847,"date":"2024-08-07T11:03:39","date_gmt":"2024-08-07T11:03:39","guid":{"rendered":"https:\/\/wp.themepure.net\/acadia\/?page_id=5847"},"modified":"2025-09-19T19:21:48","modified_gmt":"2025-09-19T19:21:48","slug":"contact","status":"publish","type":"page","link":"https:\/\/hrindiaeurope.de\/en\/contact\/","title":{"rendered":"Contact"},"content":{"rendered":"<div data-elementor-type=\"wp-page\" data-elementor-id=\"5847\" class=\"elementor elementor-5847\">\n\t\t\t\t<div class=\"elementor-element elementor-element-aab136d e-con-full e-flex e-con e-parent\" data-id=\"aab136d\" data-element_type=\"container\">\n\t\t<div class=\"elementor-element elementor-element-82b6c6c e-flex e-con-boxed e-con e-child\" data-id=\"82b6c6c\" data-element_type=\"container\">\n\t\t\t\t\t<div class=\"e-con-inner\">\n\t\t\t\t<div class=\"elementor-element elementor-element-bf4d12b elementor-widget elementor-widget-tp-heading\" data-id=\"bf4d12b\" data-element_type=\"widget\" data-settings=\"{&quot;tp_anima_type&quot;:&quot;fadeInUp&quot;}\" data-widget_type=\"tp-heading.default\">\n\t\t\t\t<div class=\"elementor-widget-container\">\n\t\t\t\t\t\r\n\t\t\r\n\t\t\t<div class=\"tp-section tp-el-section align-box mb-40 wow fadeInUp\" data-wow-duration=\"1.5s\" data-wow-delay=\"0.3s\">\r\n\r\n\t\t\t\t\r\n\t\t\t\t<h2 class=\"tp-section-3-title tp-el-acadia-title tp-hero-2-title tp-el-title\">Get in Touch<\/h2>\r\n\t\t\t\t\t\t\t\t\t<p class=\"tp-el-content\">\r\n\t\t\t\t\t\tWe support companies in recruiting highly qualified and motivated professionals from around the world, ensuring they find the right talent for their specific industry needs. Our services include international recruitment, qualification testing, and customized language and cultural training to optimally prepare employees. We also offer long-term support after hiring to ensure successful integration. Contact us today to learn how we can help you build a strong, global team!\t\t\t\t\t<\/p>\r\n\t\t\t\t\t\t\t<\/div>\r\n\r\n\t\t\t\t\t\t<\/div>\n\t\t\t\t<\/div>\n\t\t\t\t\t<\/div>\n\t\t\t\t<\/div>\n\t\t<div class=\"elementor-element elementor-element-b9ad68b e-con-full e-flex e-con e-child\" data-id=\"b9ad68b\" data-element_type=\"container\" data-settings=\"{&quot;background_background&quot;:&quot;classic&quot;}\">\n\t\t<div class=\"elementor-element elementor-element-99ef3a4 e-flex e-con-boxed e-con e-child\" data-id=\"99ef3a4\" data-element_type=\"container\">\n\t\t\t\t\t<div class=\"e-con-inner\">\n\t\t<div class=\"elementor-element elementor-element-fca4e87 e-con-full e-flex e-con e-child\" data-id=\"fca4e87\" data-element_type=\"container\" data-settings=\"{&quot;background_background&quot;:&quot;gradient&quot;}\">\n\t\t\t\t<div class=\"elementor-element elementor-element-cf6771b elementor-hidden-tablet elementor-hidden-mobile elementor-widget elementor-widget-tp-heading\" data-id=\"cf6771b\" data-element_type=\"widget\" data-settings=\"{&quot;tp_anima_type&quot;:&quot;fadeInUp&quot;}\" data-widget_type=\"tp-heading.default\">\n\t\t\t\t<div class=\"elementor-widget-container\">\n\t\t\t\t\t\r\n\t\t\r\n\t\t\t<div class=\"tp-section tp-el-section align-box mb-40 wow fadeInUp\" data-wow-duration=\"1.5s\" data-wow-delay=\"0.3s\">\r\n\r\n\t\t\t\t\r\n\t\t\t\t<h2 class=\"tp-section-3-title tp-el-acadia-title tp-hero-2-title tp-el-title\">Arrange a free, non-binding initial consultation<\/h2>\r\n\t\t\t\t\t\t\t<\/div>\r\n\r\n\t\t\t\t\t\t<\/div>\n\t\t\t\t<\/div>\n\t\t\t\t<div class=\"elementor-element elementor-element-5a7f8ca elementor-hidden-desktop elementor-widget elementor-widget-tp-heading\" data-id=\"5a7f8ca\" data-element_type=\"widget\" data-settings=\"{&quot;tp_anima_type&quot;:&quot;fadeInUp&quot;}\" data-widget_type=\"tp-heading.default\">\n\t\t\t\t<div class=\"elementor-widget-container\">\n\t\t\t\t\t\r\n\t\t\r\n\t\t\t<div class=\"tp-section tp-el-section align-box mb-40 wow fadeInUp\" data-wow-duration=\"1.5s\" data-wow-delay=\"0.3s\">\r\n\r\n\t\t\t\t\r\n\t\t\t\t<h2 class=\"tp-section-3-title tp-el-acadia-title tp-hero-2-title tp-el-title\">Arrange a free, non-binding initial consultation<\/h2>\r\n\t\t\t\t\t\t\t<\/div>\r\n\r\n\t\t\t\t\t\t<\/div>\n\t\t\t\t<\/div>\n\t\t\t\t<div class=\"elementor-element elementor-element-79dfbe7 elementor-widget elementor-widget-shortcode\" data-id=\"79dfbe7\" data-element_type=\"widget\" data-widget_type=\"shortcode.default\">\n\t\t\t\t<div class=\"elementor-widget-container\">\n\t\t\t\t\t\t\t<div class=\"elementor-shortcode\">\n<div class=\"wpcf7 no-js\" id=\"wpcf7-f12651-o1\" lang=\"en-US\" dir=\"ltr\" data-wpcf7-id=\"12651\">\n<div class=\"screen-reader-response\"><p role=\"status\" aria-live=\"polite\" aria-atomic=\"true\"><\/p> <ul><\/ul><\/div>\n<form action=\"\/en\/wp-json\/wp\/v2\/pages\/5847#wpcf7-f12651-o1\" method=\"post\" class=\"wpcf7-form init demo\" aria-label=\"Contact form\" novalidate=\"novalidate\" data-status=\"init\" data-trp-original-action=\"\/en\/wp-json\/wp\/v2\/pages\/5847#wpcf7-f12651-o1\">\n<div style=\"display: none;\">\n<input type=\"hidden\" name=\"_wpcf7\" value=\"12651\" \/>\n<input type=\"hidden\" name=\"_wpcf7_version\" value=\"6.0.6\" \/>\n<input type=\"hidden\" name=\"_wpcf7_locale\" value=\"en_US\" \/>\n<input type=\"hidden\" name=\"_wpcf7_unit_tag\" value=\"wpcf7-f12651-o1\" \/>\n<input type=\"hidden\" name=\"_wpcf7_container_post\" value=\"0\" \/>\n<input type=\"hidden\" name=\"_wpcf7_posted_data_hash\" value=\"\" \/>\n<\/div>\n<div class=\"tp-contact-input-form\">\n      <div class=\"row\">\n         <div class=\"col-xl-6 col-lg-6\">\n            <div class=\"tp-contact-input p-relative\">\n               <label>Your Name<\/label>\n               <span class=\"wpcf7-form-control-wrap\" data-name=\"text-name\"><input size=\"40\" maxlength=\"400\" class=\"wpcf7-form-control wpcf7-text\" aria-invalid=\"false\" value=\"\" type=\"text\" name=\"text-name\" \/><\/span>\n            <\/div>\n         <\/div>\n         <div class=\"col-xl-6 col-lg-6\">\n            <div class=\"tp-contact-input p-relative\">\n               <label>Email Address<\/label>\n               <span class=\"wpcf7-form-control-wrap\" data-name=\"email-9email\"><input size=\"40\" maxlength=\"400\" class=\"wpcf7-form-control wpcf7-email wpcf7-text wpcf7-validates-as-email\" aria-invalid=\"false\" value=\"\" type=\"email\" name=\"email-9email\" \/><\/span>\n            <\/div>\n         <\/div>\n         <div class=\"col-xl-12 col-lg-12\">\n            <div class=\"tp-contact-input p-relative\">\n               <label>Subject<\/label>\n               <span class=\"wpcf7-form-control-wrap\" data-name=\"text-subject\"><input size=\"40\" maxlength=\"400\" class=\"wpcf7-form-control wpcf7-text\" aria-invalid=\"false\" value=\"\" type=\"text\" name=\"text-subject\" \/><\/span>\n            <\/div>\n         <\/div>\n         <div class=\"col-xl-12\">\n            <div class=\"tp-contact-input p-relative\">\n               <label>Your message<\/label>\n               <span class=\"wpcf7-form-control-wrap\" data-name=\"textarea-6message\"><textarea cols=\"40\" rows=\"10\" maxlength=\"2000\" class=\"wpcf7-form-control wpcf7-textarea\" aria-invalid=\"false\" name=\"textarea-6message\"><\/textarea><\/span>\n            <\/div>\n         <\/div>\n     \n         <div class=\"tp-contact-btn\">\n            <button type=\"submit\" class=\"tp-btn-inner\">Send message<\/button>\n         <\/div>\n      <\/div>\n<\/div><div class=\"wpcf7-response-output\" aria-hidden=\"true\"><\/div>\n<input type=\"hidden\" name=\"trp-form-language\" value=\"en\"\/><\/form>\n<\/div>\n<\/div>\n\t\t\t\t\t\t<\/div>\n\t\t\t\t<\/div>\n\t\t\t\t<\/div>\n\t\t\t\t\t<\/div>\n\t\t\t\t<\/div>\n\t\t\t\t<\/div>\n\t\t\t\t<div class=\"elementor-element elementor-element-39e232f elementor-absolute elementor-widget elementor-widget-image\" data-id=\"39e232f\" data-element_type=\"widget\" data-settings=\"{&quot;_position&quot;:&quot;absolute&quot;}\" data-widget_type=\"image.default\">\n\t\t\t\t<div class=\"elementor-widget-container\">\n\t\t\t\t\t\t\t\t\t\t\t\t\t\t\t<img fetchpriority=\"high\" decoding=\"async\" width=\"1920\" height=\"507\" src=\"https:\/\/hrindiaeurope.de\/wp-content\/uploads\/2024\/08\/contact-bg.png\" class=\"attachment-full size-full wp-image-5850\" alt=\"\" \/>\t\t\t\t\t\t\t\t\t\t\t\t\t\t\t<\/div>\n\t\t\t\t<\/div>\n\t\t\t\t<\/div>\n\t\t<div class=\"elementor-element elementor-element-766dcd3 e-flex e-con-boxed e-con e-parent\" data-id=\"766dcd3\" data-element_type=\"container\">\n\t\t\t\t\t<div class=\"e-con-inner\">\n\t\t\t\t<div class=\"elementor-element elementor-element-7d7335e elementor-widget elementor-widget-tp-heading\" data-id=\"7d7335e\" data-element_type=\"widget\" data-settings=\"{&quot;tp_anima_type&quot;:&quot;fadeInUp&quot;}\" data-widget_type=\"tp-heading.default\">\n\t\t\t\t<div class=\"elementor-widget-container\">\n\t\t\t\t\t\r\n\t\t\r\n\t\t\t<div class=\"tp-section tp-el-section align-box mb-40 wow fadeInUp\" data-wow-duration=\"1.5s\" data-wow-delay=\"0.3s\">\r\n\r\n\t\t\t\t\r\n\t\t\t\t<h2 class=\"tp-section-3-title tp-el-acadia-title tp-hero-2-title tp-el-title\">Let us know how we can help you.<\/h2>\r\n\t\t\t\t\t\t\t<\/div>\r\n\r\n\t\t\t\t\t\t<\/div>\n\t\t\t\t<\/div>\n\t\t<div class=\"elementor-element elementor-element-d304899 e-con-full e-flex e-con e-child\" data-id=\"d304899\" data-element_type=\"container\">\n\t\t<div class=\"elementor-element elementor-element-917f075 e-con-full e-flex e-con e-child\" data-id=\"917f075\" data-element_type=\"container\">\n\t\t\t\t<div class=\"elementor-element elementor-element-2d4b339 elementor-widget elementor-widget-tp-contact-link\" data-id=\"2d4b339\" data-element_type=\"widget\" data-settings=\"{&quot;tp_anima_type&quot;:&quot;fadeInUp&quot;}\" data-widget_type=\"tp-contact-link.default\">\n\t\t\t\t<div class=\"elementor-widget-container\">\n\t\t\t\t\t\r\n\t\t\r\n\t\t\t<div class=\"tp-contact-info-item tp-el-section wow fadeInUp\" data-wow-duration=\"1.5s\" data-wow-delay=\"0.3s\">\r\n\t\t\t\t<div class=\"tp-contact-info-icon tp-icon-box-icon\">\r\n\t\t\t\t\t            <span class=\"tp-icon_box-svg-icon\">\r\n                            <svg width=\"18\" height=\"15\" viewbox=\"0 0 18 15\" fill=\"none\" xmlns=\"http:\/\/www.w3.org\/2000\/svg\">\n                                    <path d=\"M2.6 1H15.4C16.28 1 17 1.72 17 2.6V12.2C17 13.08 16.28 13.8 15.4 13.8H2.6C1.72 13.8 1 13.08 1 12.2V2.6C1 1.72 1.72 1 2.6 1Z\" stroke=\"#57595F\" stroke-width=\"2\" stroke-linecap=\"round\" stroke-linejoin=\"round\"><\/path>\n                                    <path d=\"M17 2.6001L9 8.2001L1 2.6001\" stroke=\"#57595F\" stroke-width=\"2\" stroke-linecap=\"round\" stroke-linejoin=\"round\"><\/path>\n                                    <\/svg>                    <\/span>\r\n    \t\t\t\t<\/div>\r\n\t\t\t\t\t\t\t\t\t<h4 class=\"tp-contact-info-title tp-el-title\">\r\n\t\t\t\t\t\tFeedbacks\t\t\t\t\t<\/h4>\r\n\t\t\t\t\r\n\t\t\t\t\t\t\t\t\t<p class=\"tp-el-subtitle\">\r\n\t\t\t\t\t\tSpeak to our  team.\t\t\t\t\t<\/p>\r\n\t\t\t\t\r\n\t\t\t\t\t\t\t\t\t<a href=\"mailto:Support@gmail.com\" target=\"\" rel=\"\">\r\n\t\t\t\t\t\tinfo@hrindiaeurope.de\t\t\t\t\t<\/a>\r\n\t\t\t\t\t\t\t<\/div>\r\n\r\n\t\t\t\t\t\t<\/div>\n\t\t\t\t<\/div>\n\t\t\t\t<\/div>\n\t\t<div class=\"elementor-element elementor-element-fb93da7 e-con-full e-flex e-con e-child\" data-id=\"fb93da7\" data-element_type=\"container\">\n\t\t\t\t<div class=\"elementor-element elementor-element-b27eacf elementor-widget elementor-widget-tp-contact-link\" data-id=\"b27eacf\" data-element_type=\"widget\" data-settings=\"{&quot;tp_anima_type&quot;:&quot;fadeInUp&quot;}\" data-widget_type=\"tp-contact-link.default\">\n\t\t\t\t<div class=\"elementor-widget-container\">\n\t\t\t\t\t\r\n\t\t\r\n\t\t\t<div class=\"tp-contact-info-item tp-el-section wow fadeInUp\" data-wow-duration=\"1.7s\" data-wow-delay=\"0.3s\">\r\n\t\t\t\t<div class=\"tp-contact-info-icon tp-icon-box-icon\">\r\n\t\t\t\t\t            <span class=\"tp-icon_box-svg-icon\">\r\n                            <svg xmlns=\"http:\/\/www.w3.org\/2000\/svg\" width=\"17\" height=\"17\" viewbox=\"0 0 17 17\" fill=\"none\">\n                                    <path d=\"M10.291 3.86696C10.9924 4.00354 11.637 4.34592 12.1424 4.85028C12.6477 5.35463 12.9907 5.99801 13.1276 6.69808M10.291 1C11.7483 1.16158 13.1072 1.81291 14.1446 2.84704C15.182 3.88118 15.8363 5.23665 16 6.69091M15.2819 12.4105V14.5607C15.2827 14.7603 15.2417 14.9579 15.1616 15.1408C15.0815 15.3237 14.964 15.4879 14.8166 15.6228C14.6692 15.7578 14.4952 15.8605 14.3058 15.9244C14.1163 15.9884 13.9156 16.0121 13.7164 15.9942C11.5067 15.7545 9.38404 15.0009 7.5191 13.7938C5.78402 12.6934 4.31297 11.2251 3.21043 9.49336C1.99681 7.62353 1.24154 5.49467 1.00583 3.27923C0.987883 3.08103 1.01148 2.88127 1.07513 2.69267C1.13877 2.50407 1.24106 2.33076 1.37549 2.18378C1.50992 2.0368 1.67353 1.91937 1.85592 1.83896C2.03831 1.75855 2.23548 1.71693 2.43487 1.71674H4.58921C4.93771 1.71332 5.27557 1.83649 5.53981 2.06331C5.80406 2.29012 5.97665 2.6051 6.02543 2.94953C6.11636 3.63765 6.28499 4.31329 6.52811 4.96357C6.62472 5.22011 6.64564 5.49891 6.58836 5.76695C6.53109 6.03498 6.39803 6.28101 6.20496 6.47589L5.29296 7.38614C6.31523 9.18053 7.8038 10.6663 9.60163 11.6866L10.5136 10.7763C10.7089 10.5836 10.9554 10.4508 11.2239 10.3936C11.4925 10.3365 11.7718 10.3574 12.0288 10.4538C12.6804 10.6964 13.3573 10.8648 14.0467 10.9555C14.3956 11.0046 14.7142 11.18 14.9419 11.4483C15.1696 11.7165 15.2906 12.059 15.2819 12.4105Z\" stroke=\"#57595F\" stroke-width=\"2\" stroke-linecap=\"round\" stroke-linejoin=\"round\"><\/path>\n                                  <\/svg>                    <\/span>\r\n    \t\t\t\t<\/div>\r\n\t\t\t\t\t\t\t\t\t<h4 class=\"tp-contact-info-title tp-el-title\">\r\n\t\t\t\t\t\tCall Us\t\t\t\t\t<\/h4>\r\n\t\t\t\t\r\n\t\t\t\t\t\t\t\t\t<p class=\"tp-el-subtitle\">\r\n\t\t\t\t\t\tMon-Fri from 9 a.m. to 6 p.m\t\t\t\t\t<\/p>\r\n\t\t\t\t\r\n\t\t\t\t\t\t\t\t\t<a href=\"tel:49 8667 1690137\" target=\"\" rel=\"\">\r\n\t\t\t\t\t\t+49 1522 4277600\t\t\t\t\t<\/a>\r\n\t\t\t\t\t\t\t<\/div>\r\n\r\n\t\t\t\t\t\t<\/div>\n\t\t\t\t<\/div>\n\t\t\t\t<\/div>\n\t\t<div class=\"elementor-element elementor-element-d0b00ff e-con-full e-flex e-con e-child\" data-id=\"d0b00ff\" data-element_type=\"container\">\n\t\t\t\t<div class=\"elementor-element elementor-element-d4f7e6b elementor-widget elementor-widget-tp-contact-link\" data-id=\"d4f7e6b\" data-element_type=\"widget\" data-settings=\"{&quot;tp_anima_type&quot;:&quot;fadeInUp&quot;}\" data-widget_type=\"tp-contact-link.default\">\n\t\t\t\t<div class=\"elementor-widget-container\">\n\t\t\t\t\t\r\n\t\t\r\n\t\t\t<div class=\"tp-contact-info-item tp-el-section wow fadeInUp\" data-wow-duration=\"1.9s\" data-wow-delay=\"0.3s\">\r\n\t\t\t\t<div class=\"tp-contact-info-icon tp-icon-box-icon\">\r\n\t\t\t\t\t            <span class=\"tp-icon_box-svg-icon\">\r\n                            <svg xmlns=\"http:\/\/www.w3.org\/2000\/svg\" width=\"16\" height=\"16\" viewbox=\"0 0 16 16\" fill=\"none\">\n                                    <g clip-path=\"url(#clip0_6207_333)\">\n                                      <path d=\"M14 6.6665C14 11.3332 8 15.3332 8 15.3332C8 15.3332 2 11.3332 2 6.6665C2 5.07521 2.63214 3.54908 3.75736 2.42386C4.88258 1.29864 6.4087 0.666504 8 0.666504C9.5913 0.666504 11.1174 1.29864 12.2426 2.42386C13.3679 3.54908 14 5.07521 14 6.6665Z\" stroke=\"#57595F\" stroke-width=\"2\" stroke-linecap=\"round\" stroke-linejoin=\"round\"><\/path>\n                                      <path d=\"M8 8.6665C9.10457 8.6665 10 7.77107 10 6.6665C10 5.56193 9.10457 4.6665 8 4.6665C6.89543 4.6665 6 5.56193 6 6.6665C6 7.77107 6.89543 8.6665 8 8.6665Z\" stroke=\"#57595F\" stroke-width=\"2\" stroke-linecap=\"round\" stroke-linejoin=\"round\"><\/path>\n                                    <\/g>\n                                    <defs>\n                                      <clippath id=\"clip0_6207_333\">\n                                        <rect width=\"16\" height=\"16\" fill=\"white\"><\/rect>\n                                      <\/clippath>\n                                    <\/defs>\n                                  <\/svg>                    <\/span>\r\n    \t\t\t\t<\/div>\r\n\t\t\t\t\t\t\t\t\t<h4 class=\"tp-contact-info-title tp-el-title\">\r\n\t\t\t\t\t\tVisit us\t\t\t\t\t<\/h4>\r\n\t\t\t\t\r\n\t\t\t\t\r\n\t\t\t\t\t\t\t\t\t<a href=\"https:\/\/maps.app.goo.gl\/ddSXY5NcatmGzPH89\" target=\"\" rel=\"\">\r\n\t\t\t\t\t\tETTISHOFER STR 7  WEINGARTEN 88250, Baden W\u00fcrttemberg\t\t\t\t\t<\/a>\r\n\t\t\t\t\t\t\t<\/div>\r\n\r\n\t\t\t\t\t\t<\/div>\n\t\t\t\t<\/div>\n\t\t\t\t<\/div>\n\t\t\t\t<\/div>\n\t\t\t\t\t<\/div>\n\t\t\t\t<\/div>\n\t\t\t\t<\/div>","protected":false},"excerpt":{"rendered":"<p>Nehmen Sie Kontakt auf Wir unterst\u00fctzen Unternehmen bei der Rekrutierung hochqualifizierter und motivierter Fachkr\u00e4fte aus der ganzen Welt und stellen sicher, dass sie die passenden Talente f\u00fcr ihre spezifischen Branchenbed\u00fcrfnisse finden. Unsere Dienstleistungen umfassen internationale Personalvermittlung, Qualifikationspr\u00fcfung sowie ma\u00dfgeschneidertes Sprach- und Kulturtraining zur optimalen Vorbereitung der Mitarbeiter. Auch nach der Einstellung bieten wir langfristige Unterst\u00fctzung, [&hellip;]<\/p>","protected":false},"author":1,"featured_media":0,"parent":0,"menu_order":0,"comment_status":"closed","ping_status":"closed","template":"elementor_header_footer","meta":{"content-type":"","footnotes":""},"class_list":["post-5847","page","type-page","status-publish","hentry"],"aioseo_notices":[],"yoast_head":"<!-- This site is optimized with the Yoast SEO plugin v25.9 - https:\/\/yoast.com\/wordpress\/plugins\/seo\/ -->\n<title>Contact - hrindiaeurope.de<\/title>\n<meta name=\"robots\" content=\"index, follow, max-snippet:-1, max-image-preview:large, max-video-preview:-1\" \/>\n<link rel=\"canonical\" href=\"https:\/\/hrindiaeurope.de\/en\/contact\/\" \/>\n<meta property=\"og:locale\" content=\"en_US\" \/>\n<meta property=\"og:type\" content=\"article\" \/>\n<meta property=\"og:title\" content=\"Contact - hrindiaeurope.de\" \/>\n<meta property=\"og:description\" content=\"Nehmen Sie Kontakt auf Wir unterst\u00fctzen Unternehmen bei der Rekrutierung hochqualifizierter und motivierter Fachkr\u00e4fte aus der ganzen Welt und stellen sicher, dass sie die passenden Talente f\u00fcr ihre spezifischen Branchenbed\u00fcrfnisse finden. Unsere Dienstleistungen umfassen internationale Personalvermittlung, Qualifikationspr\u00fcfung sowie ma\u00dfgeschneidertes Sprach- und Kulturtraining zur optimalen Vorbereitung der Mitarbeiter. Auch nach der Einstellung bieten wir langfristige Unterst\u00fctzung, [&hellip;]\" \/>\n<meta property=\"og:url\" content=\"https:\/\/hrindiaeurope.de\/en\/contact\/\" \/>\n<meta property=\"og:site_name\" content=\"hrindiaeurope.de\" \/>\n<meta property=\"article:modified_time\" content=\"2025-09-19T19:21:48+00:00\" \/>\n<meta property=\"og:image\" content=\"https:\/\/hrindiaeurope.de\/wp-content\/uploads\/2024\/08\/contact-bg.png\" \/>\n\t<meta property=\"og:image:width\" content=\"1920\" \/>\n\t<meta property=\"og:image:height\" content=\"507\" \/>\n\t<meta property=\"og:image:type\" content=\"image\/png\" \/>\n<meta name=\"twitter:card\" content=\"summary_large_image\" \/>\n<meta name=\"twitter:label1\" content=\"Est. reading time\" \/>\n\t<meta name=\"twitter:data1\" content=\"1 minute\" \/>\n<script type=\"application\/ld+json\" class=\"yoast-schema-graph\">{\"@context\":\"https:\/\/schema.org\",\"@graph\":[{\"@type\":\"WebPage\",\"@id\":\"https:\/\/hrindiaeurope.de\/contact\/\",\"url\":\"https:\/\/hrindiaeurope.de\/contact\/\",\"name\":\"Contact - hrindiaeurope.de\",\"isPartOf\":{\"@id\":\"https:\/\/hrindiaeurope.de\/#website\"},\"primaryImageOfPage\":{\"@id\":\"https:\/\/hrindiaeurope.de\/contact\/#primaryimage\"},\"image\":{\"@id\":\"https:\/\/hrindiaeurope.de\/contact\/#primaryimage\"},\"thumbnailUrl\":\"https:\/\/hrindiaeurope.de\/wp-content\/uploads\/2024\/08\/contact-bg.png\",\"datePublished\":\"2024-08-07T11:03:39+00:00\",\"dateModified\":\"2025-09-19T19:21:48+00:00\",\"breadcrumb\":{\"@id\":\"https:\/\/hrindiaeurope.de\/contact\/#breadcrumb\"},\"inLanguage\":\"en-US\",\"potentialAction\":[{\"@type\":\"ReadAction\",\"target\":[\"https:\/\/hrindiaeurope.de\/contact\/\"]}]},{\"@type\":\"ImageObject\",\"inLanguage\":\"en-US\",\"@id\":\"https:\/\/hrindiaeurope.de\/contact\/#primaryimage\",\"url\":\"https:\/\/hrindiaeurope.de\/wp-content\/uploads\/2024\/08\/contact-bg.png\",\"contentUrl\":\"https:\/\/hrindiaeurope.de\/wp-content\/uploads\/2024\/08\/contact-bg.png\"},{\"@type\":\"BreadcrumbList\",\"@id\":\"https:\/\/hrindiaeurope.de\/contact\/#breadcrumb\",\"itemListElement\":[{\"@type\":\"ListItem\",\"position\":1,\"name\":\"Home\",\"item\":\"https:\/\/hrindiaeurope.de\/\"},{\"@type\":\"ListItem\",\"position\":2,\"name\":\"Contact\"}]},{\"@type\":\"WebSite\",\"@id\":\"https:\/\/hrindiaeurope.de\/#website\",\"url\":\"https:\/\/hrindiaeurope.de\/\",\"name\":\"hrindiaeurope.de\",\"description\":\"\",\"publisher\":{\"@id\":\"https:\/\/hrindiaeurope.de\/#organization\"},\"potentialAction\":[{\"@type\":\"SearchAction\",\"target\":{\"@type\":\"EntryPoint\",\"urlTemplate\":\"https:\/\/hrindiaeurope.de\/?s={search_term_string}\"},\"query-input\":{\"@type\":\"PropertyValueSpecification\",\"valueRequired\":true,\"valueName\":\"search_term_string\"}}],\"inLanguage\":\"en-US\"},{\"@type\":\"Organization\",\"@id\":\"https:\/\/hrindiaeurope.de\/#organization\",\"name\":\"hrindiaeurope.de\",\"url\":\"https:\/\/hrindiaeurope.de\/\",\"logo\":{\"@type\":\"ImageObject\",\"inLanguage\":\"en-US\",\"@id\":\"https:\/\/hrindiaeurope.de\/#\/schema\/logo\/image\/\",\"url\":\"https:\/\/hrindiaeurope.de\/wp-content\/uploads\/2025\/09\/cropped-Clarendon.png\",\"contentUrl\":\"https:\/\/hrindiaeurope.de\/wp-content\/uploads\/2025\/09\/cropped-Clarendon.png\",\"width\":497,\"height\":497,\"caption\":\"hrindiaeurope.de\"},\"image\":{\"@id\":\"https:\/\/hrindiaeurope.de\/#\/schema\/logo\/image\/\"}}]}<\/script>\n<!-- \/ Yoast SEO plugin. -->","yoast_head_json":{"title":"Contact - hrindiaeurope.de","robots":{"index":"index","follow":"follow","max-snippet":"max-snippet:-1","max-image-preview":"max-image-preview:large","max-video-preview":"max-video-preview:-1"},"canonical":"https:\/\/hrindiaeurope.de\/en\/contact\/","og_locale":"en_US","og_type":"article","og_title":"Contact - hrindiaeurope.de","og_description":"Nehmen Sie Kontakt auf Wir unterst\u00fctzen Unternehmen bei der Rekrutierung hochqualifizierter und motivierter Fachkr\u00e4fte aus der ganzen Welt und stellen sicher, dass sie die passenden Talente f\u00fcr ihre spezifischen Branchenbed\u00fcrfnisse finden. Unsere Dienstleistungen umfassen internationale Personalvermittlung, Qualifikationspr\u00fcfung sowie ma\u00dfgeschneidertes Sprach- und Kulturtraining zur optimalen Vorbereitung der Mitarbeiter. Auch nach der Einstellung bieten wir langfristige Unterst\u00fctzung, [&hellip;]","og_url":"https:\/\/hrindiaeurope.de\/en\/contact\/","og_site_name":"hrindiaeurope.de","article_modified_time":"2025-09-19T19:21:48+00:00","og_image":[{"width":1920,"height":507,"url":"https:\/\/hrindiaeurope.de\/wp-content\/uploads\/2024\/08\/contact-bg.png","type":"image\/png"}],"twitter_card":"summary_large_image","twitter_misc":{"Est. reading time":"1 minute"},"schema":{"@context":"https:\/\/schema.org","@graph":[{"@type":"WebPage","@id":"https:\/\/hrindiaeurope.de\/contact\/","url":"https:\/\/hrindiaeurope.de\/contact\/","name":"Contact - hrindiaeurope.de","isPartOf":{"@id":"https:\/\/hrindiaeurope.de\/#website"},"primaryImageOfPage":{"@id":"https:\/\/hrindiaeurope.de\/contact\/#primaryimage"},"image":{"@id":"https:\/\/hrindiaeurope.de\/contact\/#primaryimage"},"thumbnailUrl":"https:\/\/hrindiaeurope.de\/wp-content\/uploads\/2024\/08\/contact-bg.png","datePublished":"2024-08-07T11:03:39+00:00","dateModified":"2025-09-19T19:21:48+00:00","breadcrumb":{"@id":"https:\/\/hrindiaeurope.de\/contact\/#breadcrumb"},"inLanguage":"en-US","potentialAction":[{"@type":"ReadAction","target":["https:\/\/hrindiaeurope.de\/contact\/"]}]},{"@type":"ImageObject","inLanguage":"en-US","@id":"https:\/\/hrindiaeurope.de\/contact\/#primaryimage","url":"https:\/\/hrindiaeurope.de\/wp-content\/uploads\/2024\/08\/contact-bg.png","contentUrl":"https:\/\/hrindiaeurope.de\/wp-content\/uploads\/2024\/08\/contact-bg.png"},{"@type":"BreadcrumbList","@id":"https:\/\/hrindiaeurope.de\/contact\/#breadcrumb","itemListElement":[{"@type":"ListItem","position":1,"name":"Home","item":"https:\/\/hrindiaeurope.de\/"},{"@type":"ListItem","position":2,"name":"Contact"}]},{"@type":"WebSite","@id":"https:\/\/hrindiaeurope.de\/#website","url":"https:\/\/hrindiaeurope.de\/","name":"hrindiaeurope.de","description":"","publisher":{"@id":"https:\/\/hrindiaeurope.de\/#organization"},"potentialAction":[{"@type":"SearchAction","target":{"@type":"EntryPoint","urlTemplate":"https:\/\/hrindiaeurope.de\/?s={search_term_string}"},"query-input":{"@type":"PropertyValueSpecification","valueRequired":true,"valueName":"search_term_string"}}],"inLanguage":"en-US"},{"@type":"Organization","@id":"https:\/\/hrindiaeurope.de\/#organization","name":"hrindiaeurope.de","url":"https:\/\/hrindiaeurope.de\/","logo":{"@type":"ImageObject","inLanguage":"en-US","@id":"https:\/\/hrindiaeurope.de\/#\/schema\/logo\/image\/","url":"https:\/\/hrindiaeurope.de\/wp-content\/uploads\/2025\/09\/cropped-Clarendon.png","contentUrl":"https:\/\/hrindiaeurope.de\/wp-content\/uploads\/2025\/09\/cropped-Clarendon.png","width":497,"height":497,"caption":"hrindiaeurope.de"},"image":{"@id":"https:\/\/hrindiaeurope.de\/#\/schema\/logo\/image\/"}}]}},"_links":{"self":[{"href":"https:\/\/hrindiaeurope.de\/en\/wp-json\/wp\/v2\/pages\/5847","targetHints":{"allow":["GET"]}}],"collection":[{"href":"https:\/\/hrindiaeurope.de\/en\/wp-json\/wp\/v2\/pages"}],"about":[{"href":"https:\/\/hrindiaeurope.de\/en\/wp-json\/wp\/v2\/types\/page"}],"author":[{"embeddable":true,"href":"https:\/\/hrindiaeurope.de\/en\/wp-json\/wp\/v2\/users\/1"}],"replies":[{"embeddable":true,"href":"https:\/\/hrindiaeurope.de\/en\/wp-json\/wp\/v2\/comments?post=5847"}],"version-history":[{"count":43,"href":"https:\/\/hrindiaeurope.de\/en\/wp-json\/wp\/v2\/pages\/5847\/revisions"}],"predecessor-version":[{"id":12658,"href":"https:\/\/hrindiaeurope.de\/en\/wp-json\/wp\/v2\/pages\/5847\/revisions\/12658"}],"wp:attachment":[{"href":"https:\/\/hrindiaeurope.de\/en\/wp-json\/wp\/v2\/media?parent=5847"}],"curies":[{"name":"wp","href":"https:\/\/api.w.org\/{rel}","templated":true}]}}